{"id":9,"date":"2015-06-24T03:43:27","date_gmt":"2015-06-24T03:43:27","guid":{"rendered":"http:\/\/nutrideportiva.cl\/?page_id=9"},"modified":"2020-09-16T13:17:52","modified_gmt":"2020-09-16T13:17:52","slug":"personas","status":"publish","type":"page","link":"https:\/\/nutrideportiva.cl\/index.php\/servicios\/personas\/","title":{"rendered":"Personas"},"content":{"rendered":"<p style=\"text-align: left;\" align=\"center\">El servicio de Nutrici\u00f3n Deportiva para la <strong>Actividad F\u00edsica y Rendimiento Deportivo<\/strong>\u00a0esta enfocado en \u00a0lograr tu mejor rendimiento y una proyecci\u00f3n deportiva en el tiempo, cumpliendo tus objetivos de la forma m\u00e1s eficiente, logrando tus metas sin tener que arriesgar tu performance y objetivos a futuro.<\/p>\n<p style=\"text-align: left;\" align=\"center\">La nutrici\u00f3n deportiva no es solo para personas que buscan competir , si no para todos aquellos\/as que buscan un objetivo y\/o meta , y logran articular esto con el <strong>deporte, actividad f\u00edsica y la nutrici\u00f3n<\/strong>.<\/p>\n<p><b>\u00bfQu\u00e9 incluye la\u00a0visita?<\/b><\/p>\n<p>\u2013\u00a0\u00a0\u00a0\u00a0\u00a0\u00a0\u00a0\u00a0\u00a0 Ficha de evaluaci\u00f3n <b>personalizada<\/b><\/p>\n<p>\u2013\u00a0\u00a0\u00a0\u00a0\u00a0\u00a0\u00a0\u00a0\u00a0 Anamnesis alimentaria (Evaluaci\u00f3n <b>cuantitativa<\/b> y <b>cualitativa<\/b> de la alimentaci\u00f3n)<\/p>\n<p>\u2013\u00a0\u00a0\u00a0\u00a0\u00a0\u00a0\u00a0\u00a0\u00a0 Evaluaci\u00f3n de <b>composici\u00f3n corporal<\/b> (Evaluaci\u00f3n Antropometrica)<\/p>\n<p>\u2013\u00a0\u00a0\u00a0\u00a0\u00a0\u00a0\u00a0\u00a0\u00a0 <b>Diagnostico<\/b> nutricional<\/p>\n<p>\u2013\u00a0\u00a0\u00a0\u00a0\u00a0\u00a0\u00a0\u00a0\u00a0 <b>Requerimientos<\/b> y <strong>M<\/strong><b>etas<\/b><\/p>\n<p>\u2013\u00a0\u00a0\u00a0\u00a0\u00a0\u00a0\u00a0\u00a0\u00a0 Plan alimentario <b>individual<\/b><\/p>\n<p>\u2013 \u00a0 \u00a0 \u00a0 \u00a0 \u00a0Adecuaci\u00f3n alimentaria <b>seg\u00fan periodo de competici\u00f3n y\/o entrenamiento<\/b><\/p>\n<p>\u2013 \u00a0 \u00a0 \u00a0 \u00a0 \u00a0Guia y adecuaci\u00f3n de <b>suplementacion deportiva<\/b><\/p>\n<p>\u2013\u00a0\u00a0\u00a0\u00a0\u00a0\u00a0\u00a0\u00a0\u00a0 Plan de alimentaci\u00f3n de <b>Tapering , Peaking y\u00a0Recuperaci\u00f3n<\/b><i>\u00a0(antes , durante y de recuperaci\u00f3n luego de competencias y\/o entrenamiento)<\/i><\/p>\n<p>\u2013\u00a0\u00a0\u00a0\u00a0\u00a0\u00a0\u00a0\u00a0\u00a0 <b>Educaci\u00f3n <\/b>en alimentaci\u00f3n para la actividad f\u00edsica<\/p>\n<p><b>*Tiempo estimado de atencion 60 minutos<\/b><\/p>\n<p>La consulta nutricional no solo es que te lleves un papel , si no ademas una educacion y explicacion de cada pinto donde se planifican estrategia por 3 meses aproximadamente, osea por el valor que cancelas obtendras planificaciones para cubrir un periodo de 90 dias (y no solo 1 mes, si no 3), con acceso a un Whatsapp exclusivo para consultas y dudas, correo y si es necesario via RRSS puedes consultar para hacer un seguimiento mas profundo de tus necesidades.<\/p>\n<p>En el caso de solicitar la planificacion de entrenamiento , se planificara la preparacion fisica (no tecnica) de diferentes diciplinas , ya sea con objetivos esteticos y\/o competitivos, la preparacion tecnica conlleva un entrenador personal el cual se dificulta poder planificar a distancia !<\/p>\n","protected":false},"excerpt":{"rendered":"<p>El servicio de Nutrici\u00f3n Deportiva para la Actividad F\u00edsica y Rendimiento Deportivo\u00a0esta enfocado en \u00a0lograr tu mejor rendimiento y una proyecci\u00f3n deportiva en el tiempo, [&hellip;]<\/p>\n","protected":false},"author":1,"featured_media":0,"parent":76,"menu_order":0,"comment_status":"closed","ping_status":"closed","template":"","meta":{"footnotes":""},"class_list":["post-9","page","type-page","status-publish","hentry"],"_links":{"self":[{"href":"https:\/\/nutrideportiva.cl\/index.php\/wp-json\/wp\/v2\/pages\/9","targetHints":{"allow":["GET"]}}],"collection":[{"href":"https:\/\/nutrideportiva.cl\/index.php\/wp-json\/wp\/v2\/pages"}],"about":[{"href":"https:\/\/nutrideportiva.cl\/index.php\/wp-json\/wp\/v2\/types\/page"}],"author":[{"embeddable":true,"href":"https:\/\/nutrideportiva.cl\/index.php\/wp-json\/wp\/v2\/users\/1"}],"replies":[{"embeddable":true,"href":"https:\/\/nutrideportiva.cl\/index.php\/wp-json\/wp\/v2\/comments?post=9"}],"version-history":[{"count":10,"href":"https:\/\/nutrideportiva.cl\/index.php\/wp-json\/wp\/v2\/pages\/9\/revisions"}],"predecessor-version":[{"id":862,"href":"https:\/\/nutrideportiva.cl\/index.php\/wp-json\/wp\/v2\/pages\/9\/revisions\/862"}],"up":[{"embeddable":true,"href":"https:\/\/nutrideportiva.cl\/index.php\/wp-json\/wp\/v2\/pages\/76"}],"wp:attachment":[{"href":"https:\/\/nutrideportiva.cl\/index.php\/wp-json\/wp\/v2\/media?parent=9"}],"curies":[{"name":"wp","href":"https:\/\/api.w.org\/{rel}","templated":true}]}}