{"id":85,"date":"2015-07-08T19:22:41","date_gmt":"2015-07-08T19:22:41","guid":{"rendered":"http:\/\/nutrideportiva.cl\/?page_id=85"},"modified":"2021-05-06T22:38:02","modified_gmt":"2021-05-07T01:38:02","slug":"equipos","status":"publish","type":"page","link":"https:\/\/nutrideportiva.cl\/index.php\/servicios\/equipos\/","title":{"rendered":"Equipos"},"content":{"rendered":"<p>Para conocer las necesidades nutricionales en <strong>deportes de equipo<\/strong> debemos tener en cuenta los requerimientos nutricionales, <strong>tanto a nivel del deportista individual como el colectivo<\/strong>.<\/p>\n<p><img loading=\"lazy\" decoding=\"async\" class=\"aligncenter wp-image-86\" src=\"http:\/\/nutrideportiva.cl\/wp-content\/uploads\/2015\/07\/Sin-t\u00edtulo-2-1024x384.jpg\" alt=\"Sin t\u00edtulo-2\" width=\"736\" height=\"276\" srcset=\"https:\/\/nutrideportiva.cl\/wp-content\/uploads\/2015\/07\/Sin-t\u00edtulo-2-1024x384.jpg 1024w, https:\/\/nutrideportiva.cl\/wp-content\/uploads\/2015\/07\/Sin-t\u00edtulo-2-600x225.jpg 600w, https:\/\/nutrideportiva.cl\/wp-content\/uploads\/2015\/07\/Sin-t\u00edtulo-2-300x113.jpg 300w, https:\/\/nutrideportiva.cl\/wp-content\/uploads\/2015\/07\/Sin-t\u00edtulo-2-830x311.jpg 830w, https:\/\/nutrideportiva.cl\/wp-content\/uploads\/2015\/07\/Sin-t\u00edtulo-2-550x206.jpg 550w, https:\/\/nutrideportiva.cl\/wp-content\/uploads\/2015\/07\/Sin-t\u00edtulo-2-230x86.jpg 230w, https:\/\/nutrideportiva.cl\/wp-content\/uploads\/2015\/07\/Sin-t\u00edtulo-2.jpg 1600w\" sizes=\"auto, (max-width: 736px) 100vw, 736px\" \/><br \/>\nAdem\u00e1s, en el marco de \u201cdeportes de equipo\u201d se incluyen deportes muy diferentes: <strong>f\u00fatbol, baloncesto, hockey, voleybol, remo , rugby , etc.<\/strong> Teniendo en cuenta tambi\u00e9n las diferentes modalidades y los perfiles con los que nos podemos encontrar (ni\u00f1os, mujeres, veteranos). Ya que sus necesidades ser\u00e1n totalmente diferentes y deben ser adaptadas de forma individual.<\/p>\n<h2>Caracter\u00edsticas de los deporte de equipo<\/h2>\n<ul>\n<li>Ejercicio <strong>intermitente de alta, mediana o baja intensidad<\/strong><\/li>\n<li>Son eventos prolongados en el <strong>tiempo<\/strong>&nbsp;.<\/li>\n<li>Alta intensidad intercalada con baja intensidad: caminar, sprint, trotar, saltar\u2026 lo que implica diferentes exigencias en cuanto al uso de <strong>energ\u00eda y termorregulaci\u00f3n.<\/strong><\/li>\n<li><strong>Descansos<\/strong> de diferentes tipos: entre tiempos, cambios de jugador, etc. (Se pueden aprovechar para beber o recuperar energ\u00eda).<\/li>\n<li>Las distintas <strong>posiciones de juego<\/strong> hacen que los requerimientos entre jugadores var\u00eden.<\/li>\n<li>Cada partido es diferente: presi\u00f3n emocional, contrario, horario, climatolog\u00eda, etc. Por lo que las necesidades pueden variar sustancialmente<\/li>\n<li>Hidratacion (diferentes tipos de hidratacion seg\u00fan exigencia y tiempos de competici\u00f3n)<\/li>\n<\/ul>\n<h3>Nutrici\u00f3n relacionada con el entrenamiento:<\/h3>\n<ul>\n<li>Ingesta suficiente de energ\u00eda para mantener peso corporal.<\/li>\n<li>Ingesta adecuada de alimento entre competiciones para favorecer la recuperaci\u00f3n.<\/li>\n<li>Ingesta suficiente de Prote\u00ednas para satisfacer necesidades de entrenamiento y evitar la destrucci\u00f3n muscular.<\/li>\n<li>Controlar la carencia de Hierro, especialmente en mujeres.<\/li>\n<li>Ingesta de l\u00edquidos durante la sesi\u00f3n de entrenamiento.<\/li>\n<li>Educaci\u00f3n nutricional, habilidades culinarias, especialmente en j\u00f3venes.<\/li>\n<li>Planificaci\u00f3n semanal por objetivos. Ya que el calendario competitivo es muy ajustado.<\/li>\n<\/ul>\n<p><strong>Por estas razones y muchas mas , un equipo se tiene que alimentar de forma adecuada para que todos puedan lograr un triunfo , marca la diferencia contra el rival y GANAR.<\/strong><\/p>\n","protected":false},"excerpt":{"rendered":"<p>Para conocer las necesidades nutricionales en deportes de equipo debemos tener en cuenta los requerimientos nutricionales, tanto a nivel del deportista individual como el colectivo. [&hellip;]<\/p>\n","protected":false},"author":1,"featured_media":0,"parent":76,"menu_order":0,"comment_status":"closed","ping_status":"open","template":"","meta":{"footnotes":""},"class_list":["post-85","page","type-page","status-publish","hentry"],"_links":{"self":[{"href":"https:\/\/nutrideportiva.cl\/index.php\/wp-json\/wp\/v2\/pages\/85","targetHints":{"allow":["GET"]}}],"collection":[{"href":"https:\/\/nutrideportiva.cl\/index.php\/wp-json\/wp\/v2\/pages"}],"about":[{"href":"https:\/\/nutrideportiva.cl\/index.php\/wp-json\/wp\/v2\/types\/page"}],"author":[{"embeddable":true,"href":"https:\/\/nutrideportiva.cl\/index.php\/wp-json\/wp\/v2\/users\/1"}],"replies":[{"embeddable":true,"href":"https:\/\/nutrideportiva.cl\/index.php\/wp-json\/wp\/v2\/comments?post=85"}],"version-history":[{"count":4,"href":"https:\/\/nutrideportiva.cl\/index.php\/wp-json\/wp\/v2\/pages\/85\/revisions"}],"predecessor-version":[{"id":1618,"href":"https:\/\/nutrideportiva.cl\/index.php\/wp-json\/wp\/v2\/pages\/85\/revisions\/1618"}],"up":[{"embeddable":true,"href":"https:\/\/nutrideportiva.cl\/index.php\/wp-json\/wp\/v2\/pages\/76"}],"wp:attachment":[{"href":"https:\/\/nutrideportiva.cl\/index.php\/wp-json\/wp\/v2\/media?parent=85"}],"curies":[{"name":"wp","href":"https:\/\/api.w.org\/{rel}","templated":true}]}}