{"id":76,"date":"2015-07-08T18:32:14","date_gmt":"2015-07-08T18:32:14","guid":{"rendered":"http:\/\/nutrideportiva.cl\/?page_id=76"},"modified":"2021-05-06T21:59:08","modified_gmt":"2021-05-07T00:59:08","slug":"servicios","status":"publish","type":"page","link":"https:\/\/nutrideportiva.cl\/","title":{"rendered":"Servicios"},"content":{"rendered":"<p>[stm_lms_single_course_carousel]<\/p>\n\n\n<p>Los servicios est\u00e1n enfocados a entregar la mejor visi\u00f3n integral de tu actividad, entrenamiento y nutrici\u00f3n.<\/p>\n<p>Selecciona en el Men\u00fa desplegable que servicio estas buscando o se acomoda a tu necesidad.<\/p>\n<p><iframe loading=\"lazy\" src=\"https:\/\/www.youtube.com\/embed\/8OhUJywiSUE\" width=\"560\" height=\"315\" frameborder=\"0\" allowfullscreen=\"allowfullscreen\"><\/iframe>Podemos destacar<strong> tres (3)<\/strong> servicios fundamentales dentro de la nutrici\u00f3n deportiva :<\/p>\n<p><strong>Personales :<\/strong> si eres una persona apasionada por <strong>lograr tus metas<\/strong> , este servicio te ayudara a llevar a tu cuerpo a su m\u00e1ximo expresi\u00f3n , entregando a tu cuerpo todo lo que necesita <strong>segun tus objetivo , necesidades , tiempo, y mucho mas<\/strong> &#8230; <strong><a href=\"http:\/\/nutrideportiva.cl\/index.php\/personas\/\">CLICK AQUI&nbsp;<\/a><\/strong><\/p>\n<p><strong>Outdoor :<\/strong> las necesidades en la monta\u00f1a o el mundo outdoor es completamente diferente a cualquier disciplina deportiva ,<strong> ya sea que seas Monta\u00f1ista , Escalador , trekkero o un simple amante de la naturaleza<\/strong> , puedes potenciar tu experiencia con una buena gu\u00eda para tus necesidades. &#8230; <strong><a href=\"http:\/\/nutrideportiva.cl\/index.php\/outdoor\/\">CLICK AQUI<\/a><\/strong><\/p>\n<p><strong>Equipos :<\/strong>&nbsp;Para conocer las necesidades nutricionales en <strong>deportes de equipo<\/strong> debemos tener en cuenta los requerimientos nutricionales, <strong>tanto a nivel del deportista individual como el colectivo<\/strong>. <strong><a href=\"http:\/\/nutrideportiva.cl\/index.php\/equipos\/\">CLICK AQUI<\/a><\/strong><\/p>","protected":false},"excerpt":{"rendered":"<p>Los servicios est\u00e1n enfocados a entregar la mejor visi\u00f3n integral de tu actividad, entrenamiento y nutrici\u00f3n. Selecciona en el Men\u00fa desplegable que servicio estas buscando [&hellip;]<\/p>\n","protected":false},"author":1,"featured_media":1140,"parent":0,"menu_order":0,"comment_status":"closed","ping_status":"open","template":"","meta":{"footnotes":""},"class_list":["post-76","page","type-page","status-publish","has-post-thumbnail","hentry"],"_links":{"self":[{"href":"https:\/\/nutrideportiva.cl\/index.php\/wp-json\/wp\/v2\/pages\/76","targetHints":{"allow":["GET"]}}],"collection":[{"href":"https:\/\/nutrideportiva.cl\/index.php\/wp-json\/wp\/v2\/pages"}],"about":[{"href":"https:\/\/nutrideportiva.cl\/index.php\/wp-json\/wp\/v2\/types\/page"}],"author":[{"embeddable":true,"href":"https:\/\/nutrideportiva.cl\/index.php\/wp-json\/wp\/v2\/users\/1"}],"replies":[{"embeddable":true,"href":"https:\/\/nutrideportiva.cl\/index.php\/wp-json\/wp\/v2\/comments?post=76"}],"version-history":[{"count":6,"href":"https:\/\/nutrideportiva.cl\/index.php\/wp-json\/wp\/v2\/pages\/76\/revisions"}],"predecessor-version":[{"id":1607,"href":"https:\/\/nutrideportiva.cl\/index.php\/wp-json\/wp\/v2\/pages\/76\/revisions\/1607"}],"wp:featuredmedia":[{"embeddable":true,"href":"https:\/\/nutrideportiva.cl\/index.php\/wp-json\/wp\/v2\/media\/1140"}],"wp:attachment":[{"href":"https:\/\/nutrideportiva.cl\/index.php\/wp-json\/wp\/v2\/media?parent=76"}],"curies":[{"name":"wp","href":"https:\/\/api.w.org\/{rel}","templated":true}]}}