{"id":486,"date":"2017-08-08T17:51:36","date_gmt":"2017-08-08T17:51:36","guid":{"rendered":"http:\/\/nutrideportiva.cl\/?page_id=486"},"modified":"2021-05-14T22:16:55","modified_gmt":"2021-05-15T01:16:55","slug":"nutricion-deportiva-pediatrica-juvenil","status":"publish","type":"page","link":"https:\/\/nutrideportiva.cl\/index.php\/servicios\/nutricion-deportiva-pediatrica-juvenil\/","title":{"rendered":"Nutrici\u00f3n Deportiva Pediatrica \/ Juvenil"},"content":{"rendered":"<p>La nutrici\u00f3n desempe\u00f1a un papel fundamental no s\u00f3lo en el crecimiento y el desarrollo, sino tambi\u00e9n en el rendimiento. Adem\u00e1s, cuando se lesiona, uno no puede curar sin una nutrici\u00f3n adecuada. Como dietistas especializados en nutrici\u00f3n deportiva, puedo ayudar a volver al campo en salud \u00f3ptima y m\u00e1xima energ\u00eda.<\/p>\n<p>Adaptare a sus necesidades, objetivos y demandas espec\u00edficas de su deporte. Buscando cumplir no solo las demandas deportivas, si no de rendimiento cognitivo fomentando la etapa de crecimiento y patrones motores a desarrollar seg\u00fan cada etapa del ciclo vital y de entrenamiento, no solo potenciando al deportista en formaci\u00f3n , si no enfoc\u00e1ndonos en una larga vida competitiva sin sufrimiento (trastornos de alimentaci\u00f3n por cumplir metas) ni lesiones.<\/p>\n<p>Algunos servicios ligados al Ni\u00f1o y Joven deportista son :<\/p>\n<ul>\n<li>Nutrici\u00f3n para la curaci\u00f3n y recuperaci\u00f3n<\/li>\n<li>Nutrici\u00f3n y calambres musculares<\/li>\n<li>Alimentando a atletas vegetarianos y veganos<\/li>\n<li>Problemas gastrointestinales durante el ejercicio<\/li>\n<li>Hidrataci\u00f3n deportiva espec\u00edfica<\/li>\n<li>P\u00e9rdida de peso &amp; Aumento de peso<\/li>\n<li>Deficiencias nutricionales que pueden afectar el rendimiento<\/li>\n<li>Nutrici\u00f3n \u00f3ptima antes, durante y despu\u00e9s de la pr\u00e1ctica o del juego<\/li>\n<li>Evaluaci\u00f3n del suplemento<\/li>\n<li>Alergias y \/ o intolerancias alimentarias<\/li>\n<li>El atleta diab\u00e9tico<\/li>\n<li>Trastornos de la alimentaci\u00f3n<\/li>\n<\/ul>\n","protected":false},"excerpt":{"rendered":"<p>La nutrici\u00f3n desempe\u00f1a un papel fundamental no s\u00f3lo en el crecimiento y el desarrollo, sino tambi\u00e9n en el rendimiento. Adem\u00e1s, cuando se lesiona, uno no [&hellip;]<\/p>\n","protected":false},"author":1,"featured_media":1695,"parent":76,"menu_order":0,"comment_status":"closed","ping_status":"closed","template":"","meta":{"footnotes":""},"class_list":["post-486","page","type-page","status-publish","has-post-thumbnail","hentry"],"_links":{"self":[{"href":"https:\/\/nutrideportiva.cl\/index.php\/wp-json\/wp\/v2\/pages\/486","targetHints":{"allow":["GET"]}}],"collection":[{"href":"https:\/\/nutrideportiva.cl\/index.php\/wp-json\/wp\/v2\/pages"}],"about":[{"href":"https:\/\/nutrideportiva.cl\/index.php\/wp-json\/wp\/v2\/types\/page"}],"author":[{"embeddable":true,"href":"https:\/\/nutrideportiva.cl\/index.php\/wp-json\/wp\/v2\/users\/1"}],"replies":[{"embeddable":true,"href":"https:\/\/nutrideportiva.cl\/index.php\/wp-json\/wp\/v2\/comments?post=486"}],"version-history":[{"count":1,"href":"https:\/\/nutrideportiva.cl\/index.php\/wp-json\/wp\/v2\/pages\/486\/revisions"}],"predecessor-version":[{"id":487,"href":"https:\/\/nutrideportiva.cl\/index.php\/wp-json\/wp\/v2\/pages\/486\/revisions\/487"}],"up":[{"embeddable":true,"href":"https:\/\/nutrideportiva.cl\/index.php\/wp-json\/wp\/v2\/pages\/76"}],"wp:featuredmedia":[{"embeddable":true,"href":"https:\/\/nutrideportiva.cl\/index.php\/wp-json\/wp\/v2\/media\/1695"}],"wp:attachment":[{"href":"https:\/\/nutrideportiva.cl\/index.php\/wp-json\/wp\/v2\/media?parent=486"}],"curies":[{"name":"wp","href":"https:\/\/api.w.org\/{rel}","templated":true}]}}