{"id":2981,"date":"2026-04-02T18:25:35","date_gmt":"2026-04-02T21:25:35","guid":{"rendered":"https:\/\/nutrideportiva.cl\/?page_id=2981"},"modified":"2026-04-10T09:09:34","modified_gmt":"2026-04-10T13:09:34","slug":"feria-de-vitaminas","status":"publish","type":"page","link":"https:\/\/nutrideportiva.cl\/index.php\/feria-de-vitaminas\/","title":{"rendered":"Feria de Vitaminas"},"content":{"rendered":"\n<p>En esta secci\u00f3n encontrar\u00e1s material exclusivo de la&nbsp;<em>Feria de Vitaminas Doctor Simi<\/em>, donde junto a mi colega reunimos lo m\u00e1s relevante sobre suplementos enfocados en el cerebro: desde c\u00f3mo mejorar el sue\u00f1o, reducir el estr\u00e9s y la ansiedad, hasta potenciar la concentraci\u00f3n, la memoria y el rendimiento mental diario.<\/p>\n\n\n\n<p><br>No se trata de tomar \u201ctodo\u201d, sino de entender&nbsp;<strong>qu\u00e9 usar, cu\u00e1ndo y para qu\u00e9<\/strong>. Aqu\u00ed vas a encontrar herramientas pr\u00e1cticas, basadas en fisiolog\u00eda real, para que puedas tomar decisiones inteligentes seg\u00fan tu contexto.<\/p>\n\n\n\n<p><br>\ud83d\udce5&nbsp;<strong>\u00bfQu\u00e9 puedes descargar?<\/strong><br>\u2014 Un&nbsp;<strong>ebook pr\u00e1ctico<\/strong>&nbsp;con explicaci\u00f3n clara de los principales suplementos (magnesio, zinc, omega-3, probi\u00f3ticos, entre otros) y c\u00f3mo impactan tu cerebro.<br>\u2014 Un&nbsp;<strong>Excel interactivo<\/strong>&nbsp;con combinaciones estrat\u00e9gicas seg\u00fan objetivo: sue\u00f1o profundo, enfoque, estr\u00e9s, fatiga mental, etc.<br>\ud83d\udca1 La idea es simple:<br>Que entiendas tu cerebro como un sistema\u2026 y uses los suplementos como herramientas, no como soluciones m\u00e1gicas.<\/p>\n\n\n\n<p><br>\ud83d\udc49 Descarga, aprende y apl\u00edcalo en tu d\u00eda a d\u00eda. Tu cerebro lo va a notar.<br><br><strong>DESCARGA EL EBOOK AQUI<\/strong><\/p>\n\n\n\n<p><strong><a href=\"https:\/\/docs.google.com\/spreadsheets\/d\/1caidDVTcshHiMfg_5A9cnIW_GPjMFoMv\/edit?usp=sharing&amp;ouid=109313472514878015188&amp;rtpof=true&amp;sd=true\">DESCARGA EL EXCEL AQUI<\/a><\/strong><\/p>\n\n\n\n<p><\/p>\n\n\n\n<p><\/p>\n","protected":false},"excerpt":{"rendered":"<p>En esta secci\u00f3n encontrar\u00e1s material exclusivo de la&nbsp;Feria de Vitaminas Doctor Simi, donde junto a mi colega reunimos lo m\u00e1s relevante sobre suplementos enfocados en [&hellip;]<\/p>\n","protected":false},"author":1,"featured_media":2982,"parent":0,"menu_order":0,"comment_status":"closed","ping_status":"closed","template":"","meta":{"footnotes":""},"class_list":["post-2981","page","type-page","status-publish","has-post-thumbnail","hentry"],"_links":{"self":[{"href":"https:\/\/nutrideportiva.cl\/index.php\/wp-json\/wp\/v2\/pages\/2981","targetHints":{"allow":["GET"]}}],"collection":[{"href":"https:\/\/nutrideportiva.cl\/index.php\/wp-json\/wp\/v2\/pages"}],"about":[{"href":"https:\/\/nutrideportiva.cl\/index.php\/wp-json\/wp\/v2\/types\/page"}],"author":[{"embeddable":true,"href":"https:\/\/nutrideportiva.cl\/index.php\/wp-json\/wp\/v2\/users\/1"}],"replies":[{"embeddable":true,"href":"https:\/\/nutrideportiva.cl\/index.php\/wp-json\/wp\/v2\/comments?post=2981"}],"version-history":[{"count":2,"href":"https:\/\/nutrideportiva.cl\/index.php\/wp-json\/wp\/v2\/pages\/2981\/revisions"}],"predecessor-version":[{"id":2991,"href":"https:\/\/nutrideportiva.cl\/index.php\/wp-json\/wp\/v2\/pages\/2981\/revisions\/2991"}],"wp:featuredmedia":[{"embeddable":true,"href":"https:\/\/nutrideportiva.cl\/index.php\/wp-json\/wp\/v2\/media\/2982"}],"wp:attachment":[{"href":"https:\/\/nutrideportiva.cl\/index.php\/wp-json\/wp\/v2\/media?parent=2981"}],"curies":[{"name":"wp","href":"https:\/\/api.w.org\/{rel}","templated":true}]}}