{"id":27,"date":"2015-06-24T04:42:26","date_gmt":"2015-06-24T04:42:26","guid":{"rendered":"http:\/\/nutrideportiva.cl\/?page_id=27"},"modified":"2021-05-18T17:17:14","modified_gmt":"2021-05-18T20:17:14","slug":"contacto","status":"publish","type":"page","link":"https:\/\/nutrideportiva.cl\/index.php\/contacto\/","title":{"rendered":"Contacto"},"content":{"rendered":"<p>Para agendar y Valores , pueden verlos en el men\u00fa principal en la categor\u00edas de cada secci\u00f3n y servicio , la <strong>agenda<\/strong> est\u00e1 disponible en el <strong>men\u00fa<\/strong>\u00a0(si de la fecha actual a 3 meses no salen horas disponibles es que no quedan horas, o bien la agenda fue cerrada) , para asesor\u00edas online escribir a <strong><span style=\"color: #ff0000;\">online<\/span>@<span style=\"color: #ff0000;\">nutrideportiva<\/span> .cl<\/strong><\/p>\n<p>Para consultas de otro tipo puedes contactarme en<\/p>\n<p><strong>Email <span style=\"color: #ff0000;\">consulta@nutrideportiva.cl<\/span><\/strong><\/p>\n<p><strong><span style=\"color: #ff0000;\">Providencia<\/span> &#8211; Santiago de Chile<\/strong><\/p>\n","protected":false},"excerpt":{"rendered":"<p>Para agendar y Valores , pueden verlos en el men\u00fa principal en la categor\u00edas de cada secci\u00f3n y servicio , la agenda est\u00e1 disponible en [&hellip;]<\/p>\n","protected":false},"author":1,"featured_media":0,"parent":0,"menu_order":0,"comment_status":"closed","ping_status":"open","template":"","meta":{"footnotes":""},"class_list":["post-27","page","type-page","status-publish","hentry"],"_links":{"self":[{"href":"https:\/\/nutrideportiva.cl\/index.php\/wp-json\/wp\/v2\/pages\/27","targetHints":{"allow":["GET"]}}],"collection":[{"href":"https:\/\/nutrideportiva.cl\/index.php\/wp-json\/wp\/v2\/pages"}],"about":[{"href":"https:\/\/nutrideportiva.cl\/index.php\/wp-json\/wp\/v2\/types\/page"}],"author":[{"embeddable":true,"href":"https:\/\/nutrideportiva.cl\/index.php\/wp-json\/wp\/v2\/users\/1"}],"replies":[{"embeddable":true,"href":"https:\/\/nutrideportiva.cl\/index.php\/wp-json\/wp\/v2\/comments?post=27"}],"version-history":[{"count":17,"href":"https:\/\/nutrideportiva.cl\/index.php\/wp-json\/wp\/v2\/pages\/27\/revisions"}],"predecessor-version":[{"id":1745,"href":"https:\/\/nutrideportiva.cl\/index.php\/wp-json\/wp\/v2\/pages\/27\/revisions\/1745"}],"wp:attachment":[{"href":"https:\/\/nutrideportiva.cl\/index.php\/wp-json\/wp\/v2\/media?parent=27"}],"curies":[{"name":"wp","href":"https:\/\/api.w.org\/{rel}","templated":true}]}}