{"id":225,"date":"2016-09-26T03:50:12","date_gmt":"2016-09-26T03:50:12","guid":{"rendered":"http:\/\/nutrideportiva.cl\/?page_id=225"},"modified":"2021-05-23T23:58:28","modified_gmt":"2021-05-24T02:58:28","slug":"asesoria-online","status":"publish","type":"page","link":"https:\/\/nutrideportiva.cl\/index.php\/servicios\/asesoria-online\/","title":{"rendered":"Asesor\u00eda Online"},"content":{"rendered":"<p>El servicio de <strong><span style=\"color: #ff0000;\">Asesoria Nutricional Online<\/span><\/strong> permite atender a todos aquellos que no pueden o no quieren acudir a Consulta presencial, sea por motivos de distancia, incapacidad o simple comodidad.<\/p>\n<p>Este servicio\u00a0Online est\u00e1 espec\u00edficamente destinado a aquellas personas que practican deporte y poseen la motivaci\u00f3n necesaria pero necesitan el apoyo del conocimiento de un Nutricionista Deportivo para saber la alimentaci\u00f3n que deben seguir o los <strong><span style=\"color: #ff0000;\">suplementos <\/span><\/strong>que pueden ayudarles en sus objetivos y que les ayude a mejorar sus marcas deportivas.<\/p>\n<p><strong><span style=\"color: #ff0000;\">El servicio Online tambi\u00e9n est\u00e1 disponible para\u00a0diferentes objetivos , y con el fin de mejorar tus capacidades, lograr tus objetivos de peso y contextura , competencias y mucho mas&#8230;<\/span><\/strong><\/p>\n<p>Durante la asesoria\u00a0se toman todos los datos que se necesitan y se realiza la entrevista al Paciente como en una consulta presencial normal (bajo diferentes mecanismos online). La \u00fanica diferencia es que el paciente debe proporcionar sus medidas corporales, \u00a0recordatorios y otros aspectos pedidos.<\/p>\n<p>La principal limitaci\u00f3n del Nutricionista online es la dificultad de medir objetivamente la progresi\u00f3n , pero eso no detiene poder lograrlo, contando con un gran porcentaje de mis pacientes repartidos en todo Chile y compitiendo por el mundo , logrando seguir las asesor\u00eda y personalizaci\u00f3n del servicio.<\/p>\n<p>Por ello la consulta nutricional con el Nutricionista Online es m\u00e1s eficaz que un servicio m\u00e9dico online com\u00fan.<\/p>\n<ul>\n<li>M\u00e1xima flexibilidad, est\u00e9s donde est\u00e9s<\/li>\n<li>Personalizado, eficaz<\/li>\n<li>Respeta gustos y preferencias<\/li>\n<li>Promueven la alimentaci\u00f3n saludable<\/li>\n<li>Educan nutricionalmente<\/li>\n<\/ul>\n<p>Escribiendo al correo <span style=\"color: #ff0000;\"><strong>online@nutrideportiva.cl <\/strong><\/span>y tendr\u00e1s una respuesta autom\u00e1tica con todo lo necesario para comenzar la asesor\u00eda online (formulario para llenar, pago , etc)<\/p>\n","protected":false},"excerpt":{"rendered":"<p>El servicio de Asesoria Nutricional Online permite atender a todos aquellos que no pueden o no quieren acudir a Consulta presencial, sea por motivos de [&hellip;]<\/p>\n","protected":false},"author":1,"featured_media":797,"parent":76,"menu_order":0,"comment_status":"closed","ping_status":"closed","template":"","meta":{"footnotes":""},"class_list":["post-225","page","type-page","status-publish","has-post-thumbnail","hentry"],"_links":{"self":[{"href":"https:\/\/nutrideportiva.cl\/index.php\/wp-json\/wp\/v2\/pages\/225","targetHints":{"allow":["GET"]}}],"collection":[{"href":"https:\/\/nutrideportiva.cl\/index.php\/wp-json\/wp\/v2\/pages"}],"about":[{"href":"https:\/\/nutrideportiva.cl\/index.php\/wp-json\/wp\/v2\/types\/page"}],"author":[{"embeddable":true,"href":"https:\/\/nutrideportiva.cl\/index.php\/wp-json\/wp\/v2\/users\/1"}],"replies":[{"embeddable":true,"href":"https:\/\/nutrideportiva.cl\/index.php\/wp-json\/wp\/v2\/comments?post=225"}],"version-history":[{"count":8,"href":"https:\/\/nutrideportiva.cl\/index.php\/wp-json\/wp\/v2\/pages\/225\/revisions"}],"predecessor-version":[{"id":1807,"href":"https:\/\/nutrideportiva.cl\/index.php\/wp-json\/wp\/v2\/pages\/225\/revisions\/1807"}],"up":[{"embeddable":true,"href":"https:\/\/nutrideportiva.cl\/index.php\/wp-json\/wp\/v2\/pages\/76"}],"wp:featuredmedia":[{"embeddable":true,"href":"https:\/\/nutrideportiva.cl\/index.php\/wp-json\/wp\/v2\/media\/797"}],"wp:attachment":[{"href":"https:\/\/nutrideportiva.cl\/index.php\/wp-json\/wp\/v2\/media?parent=225"}],"curies":[{"name":"wp","href":"https:\/\/api.w.org\/{rel}","templated":true}]}}