{"id":2051,"date":"2022-06-09T14:01:27","date_gmt":"2022-06-09T18:01:27","guid":{"rendered":"https:\/\/nutrideportiva.cl\/?page_id=2051"},"modified":"2022-06-09T14:03:40","modified_gmt":"2022-06-09T18:03:40","slug":"tu-pago-no-se-ha-podido-completar","status":"publish","type":"page","link":"https:\/\/nutrideportiva.cl\/index.php\/tu-pago-no-se-ha-podido-completar\/","title":{"rendered":"TU PAGO NO SE HA PODIDO COMPLETAR !"},"content":{"rendered":"\n<p class=\"has-orange-color has-dark-blue-background-color has-text-color has-background\"><strong>INTENTALO NUEVAMENTE O ESCRIBENOS A CONTACTO@NUTRIDEPORTIVA.CL<\/strong><\/p>\n\n\n\n<p>MI Primer libro enfocado a la nutricion y el sistema inmune, contado de una manera narrativa unica.<\/p>\n\n\n\n<p>Narrativo, did\u00e1ctico, real y cient\u00edfico; el nutricionista y Profesor \u00c1lvaro Vergara relata historias de ciencia sobre virus y enfermedades que hoy nos aquejan, la pandemia actual y porque no decirlo \u00bfla pr\u00f3xima pandemia?; y como la nutrici\u00f3n puede ser una herramienta de como sobrevivir potenciando el sistema inmune, que hacer para lograr tu peso y alejarnos de la obesidad, casos cl\u00ednicos incre\u00edbles que rozan la ficci\u00f3n, pero tan reales que en momentos te dejaran la piel de gallina.<\/p>\n\n\n\n<p>Este libro desclasifica y te muestra la mirada de la ciencia que en un momento fallo y que ahora juega a nuestro favor para seguir adelante, potenci\u00e1ndonos a sobrevivir a un mundo que se ve rodeado cada d\u00eda de mas con \u201cpat\u00f3genos zoonoticos\u201d. No dejes pasar la oportunidad de comprender como la nutrici\u00f3n puede ayudarte a ser mejor y sobrevivir en un ma\u00f1ana posiblemente nubloso, respondiendo preguntas como \u00bfQu\u00e9, cuanto y como comer? , \u00bfQu\u00e9 evitar? Y \u00bfC\u00f3mo mejorar?<\/p>\n\n\n\n<p>INTENTALO NUEVAMENTE <a href=\"https:\/\/www.flow.cl\/btn.php?token=swrezoc\" data-type=\"URL\" data-id=\"https:\/\/www.flow.cl\/btn.php?token=swrezoc\">AQUI<\/a><\/p>\n","protected":false},"excerpt":{"rendered":"<p>INTENTALO NUEVAMENTE O ESCRIBENOS A CONTACTO@NUTRIDEPORTIVA.CL MI Primer libro enfocado a la nutricion y el sistema inmune, contado de una manera narrativa unica. Narrativo, did\u00e1ctico, [&hellip;]<\/p>\n","protected":false},"author":1,"featured_media":0,"parent":0,"menu_order":0,"comment_status":"closed","ping_status":"closed","template":"","meta":{"footnotes":""},"class_list":["post-2051","page","type-page","status-publish","hentry"],"_links":{"self":[{"href":"https:\/\/nutrideportiva.cl\/index.php\/wp-json\/wp\/v2\/pages\/2051","targetHints":{"allow":["GET"]}}],"collection":[{"href":"https:\/\/nutrideportiva.cl\/index.php\/wp-json\/wp\/v2\/pages"}],"about":[{"href":"https:\/\/nutrideportiva.cl\/index.php\/wp-json\/wp\/v2\/types\/page"}],"author":[{"embeddable":true,"href":"https:\/\/nutrideportiva.cl\/index.php\/wp-json\/wp\/v2\/users\/1"}],"replies":[{"embeddable":true,"href":"https:\/\/nutrideportiva.cl\/index.php\/wp-json\/wp\/v2\/comments?post=2051"}],"version-history":[{"count":2,"href":"https:\/\/nutrideportiva.cl\/index.php\/wp-json\/wp\/v2\/pages\/2051\/revisions"}],"predecessor-version":[{"id":2054,"href":"https:\/\/nutrideportiva.cl\/index.php\/wp-json\/wp\/v2\/pages\/2051\/revisions\/2054"}],"wp:attachment":[{"href":"https:\/\/nutrideportiva.cl\/index.php\/wp-json\/wp\/v2\/media?parent=2051"}],"curies":[{"name":"wp","href":"https:\/\/api.w.org\/{rel}","templated":true}]}}