{"id":1846,"date":"2021-06-25T19:44:56","date_gmt":"2021-06-25T23:44:56","guid":{"rendered":"https:\/\/nutrideportiva.cl\/?page_id=1846"},"modified":"2024-05-19T14:25:37","modified_gmt":"2024-05-19T18:25:37","slug":"ason","status":"publish","type":"page","link":"https:\/\/nutrideportiva.cl\/index.php\/ason\/","title":{"rendered":"AsON"},"content":{"rendered":"\n<figure class=\"wp-block-image is-style-rounded\"><img decoding=\"async\" src=\"http:\/\/nutrideportiva.cl\/bfin.jpg\" alt=\"\"\/><\/figure>\n\n\n\n<p>Hola , muchas gracias por confiar y por la espera de tu dieta ,\u00a0<strong class=\"\"><em class=\"\"><u class=\"\">Adjunto tu alimentaci\u00f3n de la asesor\u00eda Online<\/u><\/em><\/strong>\u00a0, donde podr\u00e1s ver el PDF con porciones y al final de la seg\u00fan hoja podr\u00e1s ver los horarios , comidas y porciones , adem\u00e1s de eso he adjuntado links con otros PDF como instructivo de la alimentaci\u00f3n para poder generar un cambio de alimentos y de esta forma puedas consumir tu dieta de forma variada.<\/p>\n\n\n\n<p><strong class=\"\"><em class=\"\"><u class=\"\">Muy importante poder leer la alimentaci\u00f3n y instructivos que puedes descargar en los Links mas abajo<\/u><\/em><\/strong>, las dietas adjuntas (formato y tiempo requerido) es el mismo que realizo en la consulta (presencial) as\u00ed que espero pueda servir apara cumplir tu objetivo y meta con creces , y no solo cambiar tu alimentaci\u00f3n , si no un estilo de vida , para comprender lo lindo de comer sin miedo y cumpliendo el objetivo.<\/p>\n\n\n\n<p><strong class=\"\"><em class=\"\"><u class=\"\">PD:&nbsp;es muy importante que no cuentes calor\u00edas o macros para cumplir , ya que tu minuta no solo son calor\u00edas o macronutrientes , si no micro nutrientes que muchos dejan de lado , ademas el Timming (momento) en que se consumen las cosas va a generar un estimulo especial y \u00fanico que te potenciara a tu objetivo ,&nbsp;bajo esto puedes darte 7-5 dias para adecuarte a tu alimentaci\u00f3n de a poco y a medida que la comodidad de comer llega.<\/u><\/em><\/strong><\/p>\n\n\n\n<hr class=\"wp-block-separator has-css-opacity\"\/>\n\n\n\n<p class=\"has-text-align-center has-gray-background-color has-text-color has-background\" style=\"color:#ffd80a\"><strong class=\"\"><u class=\"\">Descargar Manual :&nbsp;Instructivo Asesoria Nutricional&nbsp;&nbsp;<a class=\"\" href=\"http:\/\/nutrideportiva.cl\/AsesoriaNutricional.pdf\"><em>Descargalo AQUI<\/em><\/a><\/u><\/strong><\/p>\n\n\n\n<p class=\"has-text-align-center has-gray-background-color has-text-color has-background\" style=\"color:#ffd80a\"><strong class=\"\"><u class=\"\">Descargar&nbsp;:&nbsp;Porciones de intercambio&nbsp;<a class=\"\" href=\"http:\/\/nutrideportiva.cl\/porcionesInter.pdf\"><em>Descargalo AQUI<\/em><\/a><\/u><\/strong><\/p>\n\n\n\n<p>En el siguiente LINK podr\u00e1s ver un Video que grabe explicando los colores y partes de una dieta ejemplo , de esta forma quedara mas claro , las evoluciones, colores, porciones , etc\u2026<\/p>\n\n\n\n<p class=\"has-text-align-center has-gray-background-color has-text-color has-background\" style=\"color:#ffe400\"><\/p>\n\n\n\n<figure class=\"wp-block-video\"><video height=\"720\" style=\"aspect-ratio: 1152 \/ 720;\" width=\"1152\" controls src=\"http:\/\/nutrideportiva.cl\/wp-content\/uploads\/2024\/05\/asesoria_online-_nutri_alvaro_vergara-720p.mp4\"><\/video><\/figure>\n\n\n\n<p><strong>PD:<em><u class=\"\">te gustar\u00eda aprender nutrici\u00f3n y entrenamiento ?<\/u><\/em><\/strong>&nbsp;En mi web he cargado unos cursos, charlas y gu\u00edas&nbsp;<strong>(algunas gratis y otras no)<\/strong>&nbsp;solo tienes que ingresar a nutrideportiva.cl y buscarlos en el men\u00fa<strong>&nbsp;(bot\u00f3n E-learning)<\/strong><\/p>\n\n\n\n<p><strong class=\"\"><em class=\"\"><u class=\"\"><\/u><\/em><\/strong><\/p>\n\n\n\n<figure class=\"wp-block-image is-resized is-style-rounded\"><img decoding=\"async\" src=\"http:\/\/nutrideportiva.cl\/banner%202.jpg\" alt=\"\" style=\"width:843px;height:579px\"\/><\/figure>\n\n\n\n<p><strong class=\"\"><em class=\"\"><u class=\"\"><\/u><\/em><\/strong><\/p>\n\n\n\n<p><strong class=\"\">SORPRESA !!!<\/strong>\u00a0Buscas ordenarte en tu entrenamiento de<strong class=\"\"><em class=\"\">\u00a0GYM o CASA ?\u00a0<\/em><\/strong>Bueno yo ya no planifico entrenamientos ya que no me queda mucho tiempo , sin embargo he compilado varios entrenamientos que he dise\u00f1ado y \u00e1telos dejo con un video explicativo para que puedas ordenarte, es importante tener claro que este entrenamiento\u00a0<strong class=\"\"><em class=\"\">NO ES PERFECTO<\/em><\/strong>\u00a0ya que existen muchas metodolog\u00edas y formas de entrenar , espero te sirva !!!<\/p>\n\n\n\n<figure class=\"wp-block-video\"><video height=\"720\" style=\"aspect-ratio: 1152 \/ 720;\" width=\"1152\" controls src=\"http:\/\/nutrideportiva.cl\/wp-content\/uploads\/2024\/05\/entreno_base-720p.mp4\"><\/video><\/figure>\n\n\n\n<p class=\"has-text-align-center has-gray-background-color has-text-color has-background\" style=\"color:#eed711\"><strong class=\"\"><u class=\"\">Material Anexo &nbsp;<\/u><\/strong>(comprimido en archivo ZIP \u2013&nbsp;<strong class=\"\">recomendado descargar en PC<\/strong>)<strong class=\"\">&nbsp;<a class=\"\" href=\"http:\/\/nutrideportiva.cl\/EntrenamientoYNutricion.zip\">CLICK AQUI<\/a><\/strong><\/p>\n\n\n\n<p class=\"has-text-align-center has-gray-background-color has-text-color has-background\" style=\"color:#eed711\"><strong class=\"\"><u class=\"\">EXCEL&nbsp;<\/u>Descarga Excel<\/strong>&nbsp;de Entrenamiento&nbsp;<strong class=\"\"><a class=\"\" href=\"http:\/\/nutrideportiva.cl\/Entrenamiento-base.xlsx\">C<\/a><\/strong><a class=\"\" href=\"http:\/\/nutrideportiva.cl\/Entrenamiento-base.xlsx\"><strong class=\"\">LICK <\/strong><\/a><\/p>\n\n\n\n<hr class=\"wp-block-separator has-css-opacity\"\/>\n\n\n\n<p><strong class=\"\">MUY IMPORTANTE :&nbsp;<\/strong>si buscas un entrenamiento personalizado al 100% te recomiendo contactes colegas que&nbsp;podr\u00e1n ayudarte !!&nbsp;<strong>Son de confianza y&nbsp;sabr\u00e1n c\u00f3mo adecuar todo a tus necesidades !! <\/strong>en el men\u00fa superior de mi web encontraras un boton llamado <strong>&#8220;recomendaciones&#8221; <\/strong>donde podr\u00e1s ver diferentes entrenadores y otros profesionales que recomiendo.<\/p>\n\n\n\n<hr class=\"wp-block-separator has-css-opacity\"\/>\n\n\n\n<p class=\"has-text-align-center has-text-color has-background\" style=\"color:#ffffff;background-color:#ff0008\"><strong>Estoy convencido de que la educaci\u00f3n es clave para alcanzar nuestros objetivos. Si deseas profundizar tus conocimientos sobre nutrici\u00f3n y entrenamiento, tener acceso a clases y workshops exclusivos, te invito a suscribirte a mi Patreon en el siguiente enlace:\u00a0<a href=\"https:\/\/www.patreon.com\/Nutrideportivoalvaro\" target=\"_blank\" rel=\"noreferrer noopener\">Nutrideportivoalvaro en Patreon<\/a>.<\/strong><\/p>\n\n\n\n<hr class=\"wp-block-separator has-css-opacity\"\/>\n\n\n\n<figure class=\"wp-block-image is-style-rounded\"><img decoding=\"async\" src=\"http:\/\/nutrideportiva.cl\/minutaJPG.jpg\" alt=\"\"\/><\/figure>\n\n\n\n<p><strong class=\"\"><em class=\"\"><\/em><\/strong><\/p>\n\n\n\n<p>Saludos cordiales<\/p>\n\n\n\n<p>Om Shanti&nbsp;<\/p>\n\n\n\n<p><strong class=\"\"><em class=\"\">Alvaro Vergara Nieto<\/em><\/strong><\/p>\n\n\n\n<p>Ms Ciencias de la Salud y el Ejercicio Menci\u00f3n Entrenamiento (c)<\/p>\n\n\n\n<p>Profesor de Ed.Fisica, Deportes y Recreaci\u00f3n &#8211; Entrenador \/ Personal Trainer<\/p>\n","protected":false},"excerpt":{"rendered":"<p>Hola , muchas gracias por confiar y por la espera de tu dieta ,\u00a0Adjunto tu alimentaci\u00f3n de la asesor\u00eda Online\u00a0, donde podr\u00e1s ver el PDF [&hellip;]<\/p>\n","protected":false},"author":1,"featured_media":0,"parent":0,"menu_order":0,"comment_status":"closed","ping_status":"closed","template":"","meta":{"footnotes":""},"class_list":["post-1846","page","type-page","status-publish","hentry"],"_links":{"self":[{"href":"https:\/\/nutrideportiva.cl\/index.php\/wp-json\/wp\/v2\/pages\/1846","targetHints":{"allow":["GET"]}}],"collection":[{"href":"https:\/\/nutrideportiva.cl\/index.php\/wp-json\/wp\/v2\/pages"}],"about":[{"href":"https:\/\/nutrideportiva.cl\/index.php\/wp-json\/wp\/v2\/types\/page"}],"author":[{"embeddable":true,"href":"https:\/\/nutrideportiva.cl\/index.php\/wp-json\/wp\/v2\/users\/1"}],"replies":[{"embeddable":true,"href":"https:\/\/nutrideportiva.cl\/index.php\/wp-json\/wp\/v2\/comments?post=1846"}],"version-history":[{"count":3,"href":"https:\/\/nutrideportiva.cl\/index.php\/wp-json\/wp\/v2\/pages\/1846\/revisions"}],"predecessor-version":[{"id":2801,"href":"https:\/\/nutrideportiva.cl\/index.php\/wp-json\/wp\/v2\/pages\/1846\/revisions\/2801"}],"wp:attachment":[{"href":"https:\/\/nutrideportiva.cl\/index.php\/wp-json\/wp\/v2\/media?parent=1846"}],"curies":[{"name":"wp","href":"https:\/\/api.w.org\/{rel}","templated":true}]}}